{"id":3546,"date":"2020-03-12T14:37:06","date_gmt":"2020-03-12T13:37:06","guid":{"rendered":"http:\/\/www.fiebich-beregnung.de\/wordpress\/?page_id=3546"},"modified":"2023-04-03T15:03:41","modified_gmt":"2023-04-03T13:03:41","slug":"neubau-von-beregnungsanlagen","status":"publish","type":"page","link":"http:\/\/www.fiebich-beregnung.de\/wordpress\/services\/neubau-von-beregnungsanlagen\/","title":{"rendered":"Neubau von Anlagen"},"content":{"rendered":"\n<p class=\"has-medium-font-size\">Sie w\u00fcnschen sich einen gr\u00fcnen Garten, in dem sie entspannte Stunden verbringen und Erhohlung finden k\u00f6nnen? Kein l\u00e4stiges und zeitaufwendiges Gie\u00dfen mehr. Sparen Sie Zeit und Geld mit einer automatischen Beregnungsanlage. Durch eine individuell auf Ihren Garten angepasste Beregnungsanlage erhalten alle Pflanzen genau zum richtigen Zeitpunkt die richtige Menge Wasser. Durch  D\u00fcsen mit unterschiedlichen Funktionen und einen zeitlich auf Ihre Bed\u00fcrfnisse abgestimmten und automatisierten Bew\u00e4sserungsplan sind ihre Gr\u00fcnfl\u00e4chen, Beete und Pflanzen stets optimal versorgt.<br>Gern berate ich Sie zum Einsatz einer Beregnungsanlage nach Ihren Vorstellungen. Nach der Erstellung eines individuellen und auf Ihren Garten abgestimmten Bew\u00e4sserungsplans erfolgt die Installation der Beregnungsanlage minimalinvasiv. So k\u00f6nnen Sie schon bald in Ihrem Gartens sitzen und erholsame Stunden verbringen statt ans Gie\u00dfen denken zu m\u00fcssen. <\/p>\n\n\n\n<p class=\"has-background has-medium-font-size\" style=\"background-color:#f9f9f9\">Bitte haben Sie Verst\u00e4ndnis daf\u00fcr, dass auf Grund von erh\u00f6hter Auftragslage der Neubau einer Beregnungsanlage nicht in den n\u00e4chsten Wochen terminiert werden kann. <\/p>\n","protected":false},"excerpt":{"rendered":"<p>Sie w\u00fcnschen sich einen gr\u00fcnen Garten, in dem sie entspannte Stunden verbringen und Erhohlung finden k\u00f6nnen? Kein l\u00e4stiges und zeitaufwendiges Gie\u00dfen mehr. Sparen Sie Zeit und Geld mit einer automatischen Beregnungsanlage. Durch eine individuell auf Ihren Garten angepasste Beregnungsanlage erhalten alle Pflanzen genau zum richtigen Zeitpunkt die richtige Menge Wasser. Durch D\u00fcsen mit unterschiedlichen Funktionen und einen zeitlich auf Ihre Bed\u00fcrfnisse abgestimmten und automatisierten Bew\u00e4sserungsplan sind ihre Gr\u00fcnfl\u00e4chen, Beete und Pflanzen stets optimal versorgt.Gern berate ich Sie zum Einsatz einer&hellip;<\/p>\n","protected":false},"author":1,"featured_media":0,"parent":1811,"menu_order":1,"comment_status":"closed","ping_status":"closed","template":"page-templates\/template-services.php","meta":[],"_links":{"self":[{"href":"http:\/\/www.fiebich-beregnung.de\/wordpress\/wp-json\/wp\/v2\/pages\/3546"}],"collection":[{"href":"http:\/\/www.fiebich-beregnung.de\/wordpress\/wp-json\/wp\/v2\/pages"}],"about":[{"href":"http:\/\/www.fiebich-beregnung.de\/wordpress\/wp-json\/wp\/v2\/types\/page"}],"author":[{"embeddable":true,"href":"http:\/\/www.fiebich-beregnung.de\/wordpress\/wp-json\/wp\/v2\/users\/1"}],"replies":[{"embeddable":true,"href":"http:\/\/www.fiebich-beregnung.de\/wordpress\/wp-json\/wp\/v2\/comments?post=3546"}],"version-history":[{"count":7,"href":"http:\/\/www.fiebich-beregnung.de\/wordpress\/wp-json\/wp\/v2\/pages\/3546\/revisions"}],"predecessor-version":[{"id":3817,"href":"http:\/\/www.fiebich-beregnung.de\/wordpress\/wp-json\/wp\/v2\/pages\/3546\/revisions\/3817"}],"up":[{"embeddable":true,"href":"http:\/\/www.fiebich-beregnung.de\/wordpress\/wp-json\/wp\/v2\/pages\/1811"}],"wp:attachment":[{"href":"http:\/\/www.fiebich-beregnung.de\/wordpress\/wp-json\/wp\/v2\/media?parent=3546"}],"curies":[{"name":"wp","href":"https:\/\/api.w.org\/{rel}","templated":true}]}}